{"id":91,"date":"2025-08-04T10:10:51","date_gmt":"2025-08-04T10:10:51","guid":{"rendered":"https:\/\/stagemotion.fr\/?page_id=91"},"modified":"2025-08-04T13:18:47","modified_gmt":"2025-08-04T13:18:47","slug":"la-societe","status":"publish","type":"page","link":"https:\/\/stagemotion.fr\/index.php\/la-societe\/","title":{"rendered":"LA SOCIETE"},"content":{"rendered":"\n<div class=\"wp-block-group alignfull has-accent-background-color has-background has-global-padding is-layout-constrained wp-container-core-group-is-layout-669513ed wp-block-group-is-layout-constrained\" style=\"margin-top:0;margin-bottom:0;padding-top:var(--wp--preset--spacing--50);padding-right:var(--wp--preset--spacing--50);padding-bottom:var(--wp--preset--spacing--50);padding-left:var(--wp--preset--spacing--50)\">\n<div class=\"wp-block-columns alignwide is-layout-flex wp-container-core-columns-is-layout-1da03c2a wp-block-columns-is-layout-flex\">\n<div class=\"wp-block-column is-vertically-aligned-stretch is-layout-flow wp-block-column-is-layout-flow\" style=\"flex-basis:50%\">\n<div class=\"wp-block-group is-vertical is-content-justification-stretch is-layout-flex wp-container-core-group-is-layout-444d5ee8 wp-block-group-is-layout-flex\" style=\"min-height:100%\">\n<p class=\"has-heading-font-family has-x-large-font-size\" style=\"line-height:1.2\">STAGEMOTION<\/p>\n\n\n\n<div class=\"wp-block-group has-global-padding is-content-justification-left is-layout-constrained wp-container-core-group-is-layout-9fe8ed88 wp-block-group-is-layout-constrained\">\n<p class=\"wp-container-content-0733e5d0\">Cr\u00e9er en 2015, enregistr\u00e9 au RCS de VERSAILLES &#8211; SIREN 813 664 182<\/p>\n<\/div>\n\n\n\n<p>l&rsquo;activit\u00e9 de STAGEMOTION est tourn\u00e9e sur la production,  la billetterie et la gestion d&rsquo;\u00e9v\u00e9nement.<\/p>\n\n\n\n<p class=\"has-text-align-right\"><em>Depuis 2015 nous g\u00e9rons la patinoire de l&rsquo;h\u00f4tel Plaza Ath\u00e9n\u00e9e \u00e0 Paris. <\/em><\/p>\n\n\n\n<div class=\"wp-block-group has-global-padding is-content-justification-left is-layout-constrained wp-container-core-group-is-layout-9fe8ed88 wp-block-group-is-layout-constrained\"><\/div>\n<\/div>\n<\/div>\n\n\n\n<div class=\"wp-block-column is-vertically-aligned-center is-layout-flow wp-block-column-is-layout-flow\" style=\"flex-basis:50%\">\n<figure class=\"wp-block-image size-full is-style-rounded is-style-rounded--1\"><img loading=\"lazy\" decoding=\"async\" width=\"586\" height=\"800\" src=\"https:\/\/stagemotion.fr\/wp-content\/uploads\/2025\/08\/3.jpg\" alt=\"\" class=\"wp-image-94\" style=\"aspect-ratio:3\/4;object-fit:cover\" srcset=\"https:\/\/stagemotion.fr\/wp-content\/uploads\/2025\/08\/3.jpg 586w, https:\/\/stagemotion.fr\/wp-content\/uploads\/2025\/08\/3-220x300.jpg 220w\" sizes=\"auto, (max-width: 586px) 100vw, 586px\" \/><\/figure>\n<\/div>\n<\/div>\n<\/div>\n\n\n\n<div class=\"wp-block-group alignfull has-base-background-color has-background has-global-padding is-layout-constrained wp-container-core-group-is-layout-d89aad35 wp-block-group-is-layout-constrained\" style=\"margin-top:0;margin-bottom:0;padding-top:var(--wp--preset--spacing--50);padding-right:var(--wp--preset--spacing--50);padding-bottom:var(--wp--preset--spacing--50);padding-left:var(--wp--preset--spacing--50)\">\n<div class=\"wp-block-columns alignwide is-layout-flex wp-container-core-columns-is-layout-549b0c86 wp-block-columns-is-layout-flex\">\n<div class=\"wp-block-column has-global-padding is-content-justification-left is-layout-constrained wp-container-core-column-is-layout-4f15e8fe wp-block-column-is-layout-constrained\" style=\"flex-basis:40%\">\n<p>Ev\u00e8nementiel<\/p>\n\n\n\n<figure class=\"wp-block-image size-large\"><img loading=\"lazy\" decoding=\"async\" width=\"673\" height=\"1024\" src=\"https:\/\/stagemotion.fr\/wp-content\/uploads\/2025\/08\/stagemotion-patinage-spectacle-673x1024.png\" alt=\"\" class=\"wp-image-96\" srcset=\"https:\/\/stagemotion.fr\/wp-content\/uploads\/2025\/08\/stagemotion-patinage-spectacle-673x1024.png 673w, https:\/\/stagemotion.fr\/wp-content\/uploads\/2025\/08\/stagemotion-patinage-spectacle-197x300.png 197w, https:\/\/stagemotion.fr\/wp-content\/uploads\/2025\/08\/stagemotion-patinage-spectacle-768x1169.png 768w, https:\/\/stagemotion.fr\/wp-content\/uploads\/2025\/08\/stagemotion-patinage-spectacle.png 836w\" sizes=\"auto, (max-width: 673px) 100vw, 673px\" \/><\/figure>\n\n\n\n<p><\/p>\n<\/div>\n\n\n\n<div class=\"wp-block-column is-layout-flow wp-container-core-column-is-layout-119bc444 wp-block-column-is-layout-flow\" style=\"flex-basis:60%\">\n<p class=\"has-heading-font-family has-x-large-font-size\" style=\"line-height:1.2\">Production de Spectacle<\/p>\n\n\n\n<div class=\"wp-block-columns is-layout-flex wp-container-core-columns-is-layout-87beb0d0 wp-block-columns-is-layout-flex\">\n<div class=\"wp-block-column is-layout-flow wp-block-column-is-layout-flow\">\n<p class=\"wp-container-content-9cfa9a5a\">Sp\u00e9cialis\u00e9e dans le patinage sur glace, STAGEMOTION s\u2019ouvre d\u00e9sormais aux arts circassiens et aux disciplines artistiques, pour des spectacles toujours plus <strong>riches et intenses en \u00e9motion<\/strong>.<\/p>\n\n\n\n<p>Organisation d\u2019\u00e9v\u00e9nements artistiques, production de spectacles et billetterie en ligne.<\/p>\n\n\n\n<p>Avez-vous besoin d&rsquo;une offre spectacle pour votre \u00e9v\u00e9nement ?<\/p>\n\n\n\n<div class=\"wp-block-buttons is-layout-flex wp-block-buttons-is-layout-flex\">\n<div class=\"wp-block-button\"><a class=\"wp-block-button__link wp-element-button\" href=\"mailto:maxime.combes@stagemotion.fr\">\n    Contactez-nous\n  <\/a><\/div>\n<\/div>\n<\/div>\n\n\n\n<div class=\"wp-block-column is-layout-flow wp-block-column-is-layout-flow\">\n<p>STAGEMOTION \u00e9largit son champ d\u2019action pour r\u00e9pondre \u00e0 tous vos besoins en organisation d\u2019\u00e9v\u00e9nements culturels et artistiques. Notre \u00e9quipe vous accompagne dans la conception, la production et la gestion de projets artistiques, en devenant un v\u00e9ritable partenaire de production.<\/p>\n\n\n\n<p>Gagnez en visibilit\u00e9 et en efficacit\u00e9 gr\u00e2ce \u00e0 notre plateforme de billetterie en ligne, <a href=\"https:\/\/www.billettera.com\" data-type=\"link\" data-id=\"Billettera.com\" target=\"_blank\" rel=\"noreferrer noopener\">Billettera.com<\/a>, pens\u00e9e pour les professionnels du spectacle.<br>Vendez vos billets en ligne facilement, g\u00e9rez vos r\u00e9servations et activez des points de vente physiques si besoin. Profitez de nombreuses options de personnalisation pour int\u00e9grer la billetterie directement \u00e0 votre site ou \u00e0 vos r\u00e9seaux.  <\/p>\n<\/div>\n<\/div>\n<\/div>\n<\/div>\n<\/div>\n\n\n\n<div class=\"wp-block-group alignfull has-base-color has-contrast-background-color has-text-color has-background has-link-color wp-elements-bde498c5186d838d0321c07fadfd1fe9 has-global-padding is-layout-constrained wp-container-core-group-is-layout-d89aad35 wp-block-group-is-layout-constrained\" style=\"margin-top:0;margin-bottom:0;padding-top:var(--wp--preset--spacing--50);padding-right:var(--wp--preset--spacing--50);padding-bottom:var(--wp--preset--spacing--50);padding-left:var(--wp--preset--spacing--50)\">\n<h2 class=\"wp-block-heading alignwide has-base-color has-text-color has-link-color wp-elements-961120e30645e03a629938c532f241fe\" style=\"font-size:clamp(4.509rem, 4.509rem + ((1vw - 0.2rem) * 9.152), 10rem);letter-spacing:-0.02em\">FAQ<\/h2>\n\n\n\n<div class=\"wp-block-group alignwide is-layout-flow wp-block-group-is-layout-flow\">\n<hr class=\"wp-block-separator has-text-color has-base-color has-alpha-channel-opacity has-base-background-color has-background is-style-wide\" style=\"margin-top:var(--wp--preset--spacing--30);margin-bottom:var(--wp--preset--spacing--30)\"\/>\n\n\n\n<h3 class=\"wp-block-heading alignwide has-base-2-color has-text-color has-link-color wp-elements-40b888d1fa6457ce8e3f3d9adb589633\">Puis-je demander un spectacle \u00e0 STAGEMOTION ?<\/h3>\n\n\n\n<p class=\"has-contrast-1-color has-text-color has-link-color wp-elements-30d9bfcd1bd9e81068897fbfbfe119ab\">Oui, nous sommes sp\u00e9cialis\u00e9 dans la cr\u00e9ation artistique avec notamment des cr\u00e9ation  pour : Le Plaza Ath\u00e9n\u00e9e, La F\u00e9d\u00e9ration Fran\u00e7aise des Sport de glace et un grand nombre de municipalit\u00e9 et de partenaire<\/p>\n\n\n\n<hr class=\"wp-block-separator has-text-color has-base-color has-alpha-channel-opacity has-base-background-color has-background is-style-wide\" style=\"margin-top:var(--wp--preset--spacing--30);margin-bottom:var(--wp--preset--spacing--30)\"\/>\n\n\n\n<h3 class=\"wp-block-heading alignwide has-base-2-color has-text-color has-link-color wp-elements-13f5a9e7774c342e7c4bca98c721729a\">Quelles sont les vos domaines de comp\u00e9tences ?<\/h3>\n\n\n\n<p class=\"has-contrast-1-color has-text-color has-link-color wp-elements-85b9c9a7c99b1ed4668e75d7c66a172f\">Cr\u00e9ation de spectacle, production ou coproduction dans divers domaine artistique et la billetterie. <\/p>\n\n\n\n<hr class=\"wp-block-separator has-text-color has-base-color has-alpha-channel-opacity has-base-background-color has-background is-style-wide\" style=\"margin-top:var(--wp--preset--spacing--30);margin-bottom:var(--wp--preset--spacing--30)\"\/>\n\n\n\n<h3 class=\"wp-block-heading alignwide has-base-2-color has-text-color has-link-color wp-elements-0e6adce31abe94902eb9c8955a5369c7\">Intervenez vous partout dans le monde ?<\/h3>\n\n\n\n<p class=\"has-contrast-1-color has-text-color has-link-color wp-elements-d822d354941bb7c69178c1c49bbc61cd\">Oui, avec des cr\u00e9ations entre l&rsquo;Europe, les U.S.A, l&rsquo;Asie et l&rsquo;E.A.U STAGEMOTION est coutumier d&rsquo;assurer des prestations dans le monde entier  <\/p>\n\n\n\n<hr class=\"wp-block-separator has-text-color has-base-color has-alpha-channel-opacity has-base-background-color has-background is-style-wide\" style=\"margin-top:var(--wp--preset--spacing--30);margin-bottom:var(--wp--preset--spacing--30)\"\/>\n\n\n\n<h3 class=\"wp-block-heading alignwide has-base-2-color has-text-color has-link-color wp-elements-2b48e081fa8cb2218cbd4bcc07055d1d\"><\/h3>\n\n\n\n<div style=\"margin-top:var(--wp--preset--spacing--10);margin-bottom:0;height:var(--wp--preset--spacing--10)\" aria-hidden=\"true\" class=\"wp-block-spacer\"><\/div>\n<\/div>\n<\/div>\n","protected":false},"excerpt":{"rendered":"<p>STAGEMOTION Cr\u00e9er en 2015, enregistr\u00e9 au RCS de VERSAILLES &#8211; SIREN 813 664 182 l&rsquo;activit\u00e9 de STAGEMOTION est tourn\u00e9e sur la production, la billetterie et la gestion d&rsquo;\u00e9v\u00e9nement. Depuis 2015 nous g\u00e9rons la patinoire de l&rsquo;h\u00f4tel Plaza Ath\u00e9n\u00e9e \u00e0 Paris. Ev\u00e8nementiel Production de Spectacle Sp\u00e9cialis\u00e9e dans le patinage sur glace, STAGEMOTION s\u2019ouvre d\u00e9sormais aux arts [&hellip;]<\/p>\n","protected":false},"author":1,"featured_media":0,"parent":0,"menu_order":0,"comment_status":"closed","ping_status":"closed","template":"","meta":{"footnotes":""},"class_list":["post-91","page","type-page","status-publish","hentry"],"_links":{"self":[{"href":"https:\/\/stagemotion.fr\/index.php\/wp-json\/wp\/v2\/pages\/91","targetHints":{"allow":["GET"]}}],"collection":[{"href":"https:\/\/stagemotion.fr\/index.php\/wp-json\/wp\/v2\/pages"}],"about":[{"href":"https:\/\/stagemotion.fr\/index.php\/wp-json\/wp\/v2\/types\/page"}],"author":[{"embeddable":true,"href":"https:\/\/stagemotion.fr\/index.php\/wp-json\/wp\/v2\/users\/1"}],"replies":[{"embeddable":true,"href":"https:\/\/stagemotion.fr\/index.php\/wp-json\/wp\/v2\/comments?post=91"}],"version-history":[{"count":6,"href":"https:\/\/stagemotion.fr\/index.php\/wp-json\/wp\/v2\/pages\/91\/revisions"}],"predecessor-version":[{"id":105,"href":"https:\/\/stagemotion.fr\/index.php\/wp-json\/wp\/v2\/pages\/91\/revisions\/105"}],"wp:attachment":[{"href":"https:\/\/stagemotion.fr\/index.php\/wp-json\/wp\/v2\/media?parent=91"}],"curies":[{"name":"wp","href":"https:\/\/api.w.org\/{rel}","templated":true}]}}